{"id":1777,"date":"2021-09-10T02:42:43","date_gmt":"2021-09-10T02:42:43","guid":{"rendered":"https:\/\/gaialodge.com\/?page_id=1777"},"modified":"2024-05-29T21:17:55","modified_gmt":"2024-05-29T21:17:55","slug":"programas","status":"publish","type":"page","link":"https:\/\/amazongaialodge.com\/es\/programas\/","title":{"rendered":"Programas"},"content":{"rendered":"<div class=\"wpb-content-wrapper\"><p>[vc_row full_width=\u00bbstretch_row\u00bb full_height=\u00bbyes\u00bb content_placement=\u00bbmiddle\u00bb bg_type=\u00bbimage\u00bb parallax_style=\u00bbvcpb-default\u00bb bg_image_new=\u00bbid^3639|url^https:\/\/amazongaialodge.com\/wp-content\/uploads\/2022\/05\/Programas.webp|caption^null|alt^null|title^Programas|description^null\u00bb bg_image_repeat=\u00bbno-repeat\u00bb css=\u00bb.vc_custom_1652894029673{margin-top: -90px !important;margin-bottom: 0px !important;}\u00bb][vc_column offset=\u00bbvc_hidden-sm vc_hidden-xs\u00bb css=\u00bb.vc_custom_1652909080924{padding-right: 15% !important;padding-left: 15% !important;}\u00bb][vc_column_text css_animation=\u00bbnone\u00bb]<\/p>\n<h1 style=\"text-shadow: #000000 2px 2px 4px; text-align: center; font-weight: 500; font-size: 72px;\"><span style=\"color: #ffffff;\">\u00a1Dise\u00f1ados para ofrecerte experiencias inolvidables de la selva Amaz\u00f3nica!<\/span><\/h1>\n<p style=\"text-shadow: #000000 2px 2px 4px; text-align: center; font-weight: 500; font-size: 28px; letter-spacing: 5.9378px;\"><span style=\"color: #ffffff; text-transform: uppercase;\">PROGRAMAS<\/span><\/p>\n<p>[\/vc_column_text][vc_separator color=\u00bbgreen\u00bb border_width=\u00bb3&#8243; el_width=\u00bb20&#8243; css_animation=\u00bbnone\u00bb css=\u00bb.vc_custom_1652894069267{margin-top: -30px !important;}\u00bb][\/vc_column][vc_column offset=\u00bbvc_hidden-lg vc_hidden-md\u00bb][vc_column_text]<\/p>\n<h1 style=\"text-shadow: #000000 2px 2px 4px; text-align: center; line-height: 31px; font-weight: 500; font-size: 30px;\"><span style=\"color: #ffffff;\">\u00a1Dise\u00f1ados para ofrecerte experiencias inolvidables de la selva Amaz\u00f3nica!<\/span><\/h1>\n<h2 style=\"text-shadow: #000000 2px 2px 4px; text-align: center; font-weight: 500; font-size: 16px; margin-top: -40px;\"><span style=\"color: #ffffff;\">PROGRAMAS<\/span><\/h2>\n<p>[\/vc_column_text][vc_separator color=\u00bbgreen\u00bb el_width=\u00bb20&#8243; css=\u00bb.vc_custom_1652906385494{margin-top: -50px !important;}\u00bb][\/vc_column][\/vc_row][vc_row full_width=\u00bbstretch_row\u00bb bg_type=\u00bbbg_color\u00bb bg_color_value=\u00bb#ffffff\u00bb][vc_column][vc_row_inner css=\u00bb.vc_custom_1626755362765{margin-bottom: 10px !important;}\u00bb][vc_column_inner width=\u00bb1\/12&#8243;][\/vc_column_inner][vc_column_inner width=\u00bb7\/12&#8243;]<div id=\"ultimate-heading-579869fa67844c7ad\" class=\"uvc-heading ult-adjust-bottom-margin ultimate-heading-579869fa67844c7ad uvc-889 \" data-hspacer=\"no_spacer\"  data-halign=\"center\" style=\"text-align:center\"><div class=\"uvc-heading-spacer no_spacer\" style=\"top\"><\/div><div class=\"uvc-main-heading ult-responsive\"  data-ultimate-target='.uvc-heading.ultimate-heading-579869fa67844c7ad h2'  data-responsive-json-new='{\"font-size\":\"desktop:42px;\",\"line-height\":\"desktop:42px;\"}' ><h2 style=\"font-family:&#039;Dosis&#039;;font-weight:normal;color:#95bf3d;\">SOLO TU DEFINES CUANTO QUIERES EXPLORAR<\/h2><\/div><\/div>[vc_empty_space height=\u00bb20px\u00bb][vc_column_text el_class=\u00bbtextoblanco\u00bb]<\/p>\n<div class=\"ba-grid-column-wrapper span8\" data-span=\"8\">\n<div id=\"item-14982063761\" class=\"ba-grid-column visible animated\">\n<div id=\"item-14982064830\" class=\"ba-item-text ba-item\">\n<div class=\"content-text\">\n<p>Nuestras aventuras van de dos a cinco d\u00edas llenos de aventuras e historias que contar. Todos los programas incluyen alojamiento, alimentaci\u00f3n completa, tours, excursiones y la mejor energ\u00eda de nuestro Staff.<\/p>\n<\/div>\n<\/div>\n<\/div>\n<\/div>\n<p>[\/vc_column_text][\/vc_column_inner][vc_column_inner width=\u00bb3\/12&#8243;][vc_single_image image=\u00bb3871&#8243; img_size=\u00bbfull\u00bb alignment=\u00bbcenter\u00bb][\/vc_column_inner][vc_column_inner width=\u00bb1\/12&#8243;][\/vc_column_inner][\/vc_row_inner][\/vc_column][\/vc_row][vc_row bg_type=\u00bbbg_color\u00bb bg_override=\u00bbfull\u00bb css=\u00bb.vc_custom_1628101318617{margin-bottom: 0px !important;padding-top: 2% !important;padding-bottom: 0px !important;}\u00bb bg_color_value=\u00bb#ffffff\u00bb][vc_column width=\u00bb1\/12&#8243;][\/vc_column][vc_column width=\u00bb5\/12&#8243;][vc_column_text]<\/p>\n<h4>PROGRAMA AMAZONIA EXPRESS<br \/>\n2 D\u00cdAS &amp; 1 NOCHE<\/h4>\n<p>Tour en canoa por el r\u00edo y observaci\u00f3n de monos, chocolate artesanal, caminata en el bosque primario.\u00bb[\/vc_column_text][\/vc_column][vc_column width=\u00bb5\/12&#8243;][vc_column_text]<\/p>\n<h4>PROGRAMA AMAZONIA HOLISTICO<br \/>\n3 D\u00cdAS &amp; 2 NOCHES<\/h4>\n<p>Tour en canoa por el r\u00edo y observaci\u00f3n de monos, chocolate artesanal, caminata en el bosque primario, Isla Anaconda, visita a familia ind\u00edgena, centro de rescate de animales.[\/vc_column_text][\/vc_column][vc_column width=\u00bb1\/12&#8243;][\/vc_column][\/vc_row][vc_row bg_type=\u00bbbg_color\u00bb bg_override=\u00bbfull\u00bb css=\u00bb.vc_custom_1628101336619{margin-bottom: 0px !important;padding-top: 2% !important;padding-bottom: 0px !important;}\u00bb bg_color_value=\u00bb#ffffff\u00bb][vc_column width=\u00bb1\/12&#8243;][\/vc_column][vc_column width=\u00bb5\/12&#8243;][vc_column_text]<\/p>\n<h4>PROGRAM AMAZONIA EXPLORA<br \/>\n4 D\u00cdAS &amp; 3 NOCHES<\/h4>\n<p>Tour en canoa por el r\u00edo y observaci\u00f3n de monos, chocolate artesanal, caminata en el bosque primario, Isla Anaconda, visita a familia ind\u00edgena, centro de rescate de animales, granja de mariposas, demostraci\u00f3n de artesan\u00edas en cer\u00e1mica y madera de balsa, caminata nocturna, Cascadas de R\u00edo Blanco.[\/vc_column_text][\/vc_column][vc_column width=\u00bb5\/12&#8243;][vc_column_text]<\/p>\n<h4>PROGRAM AMAZONIA ADVENTURA<br \/>\n5 D\u00cdAS &amp; 4 NOCHES<\/h4>\n<p>Tour en canoa por el r\u00edo y observaci\u00f3n de monos, chocolate artesanal, caminata en el bosque primario, Isla Anaconda, visita a familia ind\u00edgena, centro de rescate de animales, granja de mariposas, demostraci\u00f3n de artesan\u00edas en cer\u00e1mica y madera de balsa, caminata nocturna, Cascadas de R\u00edo Blanco, lavado de oro y pesca artesanal, Isla de los P\u00e1jaros, limpia sham\u00e1nica, caminata en la reserva Selva Viva y\/o tubing.[\/vc_column_text][\/vc_column][vc_column width=\u00bb1\/12&#8243;][\/vc_column][\/vc_row][vc_row][vc_column][\/vc_column][\/vc_row]<\/p>\n<\/div>","protected":false},"excerpt":{"rendered":"<p>[vc_row full_width=\u00bbstretch_row\u00bb full_height=\u00bbyes\u00bb content_placement=\u00bbmiddle\u00bb bg_type=\u00bbimage\u00bb parallax_style=\u00bbvcpb-default\u00bb bg_image_new=\u00bbid^3639|url^https:\/\/amazongaialodge.com\/wp-content\/uploads\/2022\/05\/Programas.webp|caption^null|alt^null|title^Programas|description^null\u00bb bg_image_repeat=\u00bbno-repeat\u00bb css=\u00bb.vc_custom_1652894029673{margin-top: -90px !important;margin-bottom: 0px !important;}\u00bb][vc_column offset=\u00bbvc_hidden-sm vc_hidden-xs\u00bb css=\u00bb.vc_custom_1652909080924{padding-right: 15% !important;padding-left: 15% !important;}\u00bb][vc_column_text css_animation=\u00bbnone\u00bb] \u00a1Dise\u00f1ados para ofrecerte experiencias inolvidables de la selva Amaz\u00f3nica! PROGRAMAS [\/vc_column_text][vc_separator color=\u00bbgreen\u00bb border_width=\u00bb3&#8243; el_width=\u00bb20&#8243; css_animation=\u00bbnone\u00bb css=\u00bb.vc_custom_1652894069267{margin-top: -30px !important;}\u00bb][\/vc_column][vc_column offset=\u00bbvc_hidden-lg vc_hidden-md\u00bb][vc_column_text] \u00a1Dise\u00f1ados para ofrecerte experiencias inolvidables de la selva Amaz\u00f3nica! PROGRAMAS [\/vc_column_text][vc_separator color=\u00bbgreen\u00bb el_width=\u00bb20&#8243; css=\u00bb.vc_custom_1652906385494{margin-top: [&hellip;]<\/p>\n","protected":false},"author":2,"featured_media":0,"parent":0,"menu_order":0,"comment_status":"closed","ping_status":"closed","template":"","meta":{"footnotes":""},"_links":{"self":[{"href":"https:\/\/amazongaialodge.com\/es\/wp-json\/wp\/v2\/pages\/1777"}],"collection":[{"href":"https:\/\/amazongaialodge.com\/es\/wp-json\/wp\/v2\/pages"}],"about":[{"href":"https:\/\/amazongaialodge.com\/es\/wp-json\/wp\/v2\/types\/page"}],"author":[{"embeddable":true,"href":"https:\/\/amazongaialodge.com\/es\/wp-json\/wp\/v2\/users\/2"}],"replies":[{"embeddable":true,"href":"https:\/\/amazongaialodge.com\/es\/wp-json\/wp\/v2\/comments?post=1777"}],"version-history":[{"count":13,"href":"https:\/\/amazongaialodge.com\/es\/wp-json\/wp\/v2\/pages\/1777\/revisions"}],"predecessor-version":[{"id":4070,"href":"https:\/\/amazongaialodge.com\/es\/wp-json\/wp\/v2\/pages\/1777\/revisions\/4070"}],"wp:attachment":[{"href":"https:\/\/amazongaialodge.com\/es\/wp-json\/wp\/v2\/media?parent=1777"}],"curies":[{"name":"wp","href":"https:\/\/api.w.org\/{rel}","templated":true}]}}