{"id":2063,"date":"2021-09-15T03:32:10","date_gmt":"2021-09-15T03:32:10","guid":{"rendered":"https:\/\/gaialodge.com\/?page_id=2063"},"modified":"2022-05-18T21:51:46","modified_gmt":"2022-05-18T21:51:46","slug":"habitaciones","status":"publish","type":"page","link":"https:\/\/amazongaialodge.com\/es\/habitaciones\/","title":{"rendered":"Habitaciones"},"content":{"rendered":"<div class=\"wpb-content-wrapper\"><p>[vc_row full_width=\u00bbstretch_row\u00bb full_height=\u00bbyes\u00bb content_placement=\u00bbmiddle\u00bb bg_type=\u00bbimage\u00bb parallax_style=\u00bbvcpb-default\u00bb bg_image_new=\u00bbid^3642|url^https:\/\/amazongaialodge.com\/wp-content\/uploads\/2022\/05\/slide-4.webp|caption^null|alt^null|title^slide-4|description^null\u00bb bg_image_repeat=\u00bbno-repeat\u00bb css=\u00bb.vc_custom_1652894401664{margin-top: -90px !important;}\u00bb][vc_column offset=\u00bbvc_hidden-sm vc_hidden-xs\u00bb][vc_column_text css_animation=\u00bbnone\u00bb]<\/p>\n<h1 style=\"text-align: center; font-weight: 500; font-size: 72px; text-shadow: #000000 2px 2px 4px;\"><span style=\"color: #ffffff;\">Comfortable, acogedor, familiar<\/span><\/h1>\n<h2 style=\"text-shadow: #000000 2px 2px 4px;text-align: center; letter-spacing: 6px; font-weight: 500; font-size: 30px;\"><span style=\"color: #ffffff;\">LODGE<\/span><\/h2>\n<p>[\/vc_column_text][vc_separator color=\u00bbgreen\u00bb border_width=\u00bb3&#8243; el_width=\u00bb20&#8243; css_animation=\u00bbnone\u00bb css=\u00bb.vc_custom_1652910699957{margin-top: -50px !important;}\u00bb][\/vc_column][vc_column offset=\u00bbvc_hidden-lg vc_hidden-md\u00bb][vc_column_text]<\/p>\n<h1 style=\"text-align: center; line-height: 31px; font-weight: 500; font-size: 34px; text-shadow: #000000 2px 2px 4px;\"><span style=\"color: #ffffff;\">Comfortable, acogedor, familiar<\/span><\/h1>\n<h2 style=\"text-shadow: #000000 2px 2px 4px; text-align: center; font-weight: 500; font-size: 16px; margin-top: -40px;\"><span style=\"color: #ffffff;\">LODGE<\/span><\/h2>\n<p>[\/vc_column_text][vc_separator color=\u00bbgreen\u00bb el_width=\u00bb20&#8243; css=\u00bb.vc_custom_1652906719709{margin-top: -50px !important;}\u00bb][\/vc_column][\/vc_row][vc_row full_width=\u00bbstretch_row_content\u00bb bg_type=\u00bbimage\u00bb parallax_style=\u00bbvcpb-default\u00bb bg_image_new=\u00bbid^1462|url^https:\/\/amazongaialodge.com\/wp-content\/uploads\/2021\/08\/pattern1.jpg|caption^null|alt^null|title^pattern1|description^null\u00bb bg_image_size=\u00bbinitial\u00bb bg_img_attach=\u00bbfixed\u00bb css=\u00bb.vc_custom_1631169644651{margin-top: -35px !important;}\u00bb][vc_column width=\u00bb1\/3&#8243;][\/vc_column][vc_column width=\u00bb2\/5&#8243; css=\u00bb.vc_custom_1630729986575{margin-top: 25px !important;}\u00bb]<div id=\"ultimate-heading-440369fa4e86d13d5\" class=\"uvc-heading ult-adjust-bottom-margin ultimate-heading-440369fa4e86d13d5 uvc-2284 \" data-hspacer=\"no_spacer\"  data-halign=\"center\" style=\"text-align:center\"><div class=\"uvc-heading-spacer no_spacer\" style=\"top\"><\/div><div class=\"uvc-main-heading ult-responsive\"  data-ultimate-target='.uvc-heading.ultimate-heading-440369fa4e86d13d5 h2'  data-responsive-json-new='{\"font-size\":\"desktop:42px;\",\"line-height\":\"\"}' ><h2 style=\"font-family:&#039;Dosis&#039;;font-weight:normal;color:#95bf3d;margin-bottom:25px;\">HABITACIONES<\/h2><\/div><\/div>[vc_column_text]<\/p>\n<div class=\"page\" title=\"Page 3\">\n<div class=\"layoutArea\">\n<div class=\"column\">\n<div class=\"page\" title=\"Page 3\">\n<div class=\"layoutArea\">\n<div class=\"column\">\n<p>Nuestras habitaciones y caba\u00f1as fueron cuidadosamente dise\u00f1adas para brindar comodidad a nuestros hu\u00e9spedes al tiempo de preservar el medio ambiente. Son luminosas y ventiladas, y est\u00e1n climatizadas de forma natural con techos altos y grandes ventanales.<\/p>\n<p>Cada una de nuestras caba\u00f1as \/ habitaciones tiene una terraza con hamacas. Estas brindan una estancia relajante para disfrutar de la vista del r\u00edo y el bosque durante el d\u00eda, o los cantos nocturnos del Amazonas por la noche.<\/p>\n<p>Los tipos de habitaciones se pueden mezclar y combinar para adaptarse a diferentes tama\u00f1os de grupos.<\/p><\/div>\n<\/div>\n<\/div>\n<\/div>\n<\/div>\n<\/div>\n<p>[\/vc_column_text][\/vc_column][vc_column width=\u00bb1\/3&#8243;][\/vc_column][\/vc_row][vc_row rtl_reverse=\u00bbyes\u00bb css=\u00bb.vc_custom_1631170593484{margin-top: -35px !important;}\u00bb][vc_column width=\u00bb1\/2&#8243; css=\u00bb.vc_custom_1630729643932{margin-top: 25px !important;}\u00bb]<div id=\"ultimate-heading-894869fa4e86d13ff\" class=\"uvc-heading ult-adjust-bottom-margin ultimate-heading-894869fa4e86d13ff uvc-1453 \" data-hspacer=\"no_spacer\"  data-halign=\"center\" style=\"text-align:center\"><div class=\"uvc-heading-spacer no_spacer\" style=\"top\"><\/div><div class=\"uvc-main-heading ult-responsive\"  data-ultimate-target='.uvc-heading.ultimate-heading-894869fa4e86d13ff h2'  data-responsive-json-new='{\"font-size\":\"desktop:42px;\",\"line-height\":\"\"}' ><h2 style=\"font-family:&#039;Dosis&#039;;font-weight:normal;color:#95bf3d;margin-bottom:25px;\">HABITACI\u00d3N MATRIMONIAL<\/h2><\/div><\/div>[vc_column_text]<\/p>\n<div class=\"page\" title=\"Page 3\">\n<div class=\"layoutArea\">\n<div class=\"column\">\n<div class=\"page\" title=\"Page 4\">\n<div class=\"layoutArea\">\n<div class=\"column\">\n<div class=\"page\" title=\"Page 6\">\n<div class=\"layoutArea\">\n<div class=\"column\">\n<p><em><strong>De una a dos personas, ideal para parejas <\/strong><\/em><\/p>\n<ul>\n<li>\u2022 33 metros cuadrados \/ 355 pies cuadrados<\/li>\n<li>\u2022 Una cama Queen (dos plazas y media)<\/li>\n<\/ul>\n<p><strong><span style=\"color: #95bf3d;\">CARACTER\u00cdSTICAS<\/span><\/strong><\/p>\n<ul>\n<li>Ba\u00f1o privado \/ agua caliente<\/li>\n<li>Terraza<\/li>\n<li>Mallas antimosquitos<\/li>\n<li>Iluminaci\u00f3n el\u00e9ctrica y toma corrientes<\/li>\n<li>Escritorio y silla<\/li>\n<li>Mueble de ropa<\/li>\n<li>Ventilador de techo<\/li>\n<li>Mini refrigerador<\/li>\n<li>Art\u00edculos de aseo<\/li>\n<li>Toallas<\/li>\n<\/ul>\n<\/div>\n<\/div>\n<\/div>\n<\/div>\n<\/div>\n<\/div>\n<\/div>\n<\/div>\n<\/div>\n<p>[\/vc_column_text][\/vc_column][vc_column width=\u00bb1\/2&#8243; css=\u00bb.vc_custom_1631503933429{margin-top: 35px !important;}\u00bb][vc_gallery type=\u00bbflexslider_slide\u00bb interval=\u00bb0&#8243; images=\u00bb2806,2804,2792,2808&#8243; img_size=\u00bbfull\u00bb][\/vc_column][\/vc_row][vc_row][vc_column width=\u00bb1\/2&#8243; offset=\u00bbvc_hidden-xs\u00bb css=\u00bb.vc_custom_1631503987593{margin-top: 35px !important;}\u00bb][vc_gallery type=\u00bbflexslider_slide\u00bb interval=\u00bb0&#8243; images=\u00bb2804,2794,2808&#8243; img_size=\u00bbfull\u00bb][\/vc_column][vc_column width=\u00bb1\/2&#8243; css=\u00bb.vc_custom_1631172793524{margin-top: 25px !important;}\u00bb offset=\u00bbvc_hidden-xs\u00bb]<div id=\"ultimate-heading-143869fa4e86d1413\" class=\"uvc-heading ult-adjust-bottom-margin ultimate-heading-143869fa4e86d1413 uvc-4834 \" data-hspacer=\"no_spacer\"  data-halign=\"center\" style=\"text-align:center\"><div class=\"uvc-heading-spacer no_spacer\" style=\"top\"><\/div><div class=\"uvc-main-heading ult-responsive\"  data-ultimate-target='.uvc-heading.ultimate-heading-143869fa4e86d1413 h2'  data-responsive-json-new='{\"font-size\":\"desktop:42px;\",\"line-height\":\"\"}' ><h2 style=\"font-family:&#039;Dosis&#039;;font-weight:normal;color:#95bf3d;margin-bottom:25px;\">HABITACI\u00d3N FAMILIAR<\/h2><\/div><\/div>[vc_column_text]<\/p>\n<div class=\"page\" title=\"Page 3\">\n<div class=\"layoutArea\">\n<div class=\"column\">\n<div class=\"page\" title=\"Page 4\">\n<div class=\"layoutArea\">\n<div class=\"column\">\n<div class=\"page\" title=\"Page 4\">\n<div class=\"layoutArea\">\n<div class=\"column\">\n<div class=\"page\" title=\"Page 6\">\n<div class=\"layoutArea\">\n<div class=\"column\">\n<p><em><strong>De una a cuatro personas, ideal para familias<\/strong><\/em><\/div>\n<\/div>\n<\/div>\n<ul>\n<li>33 metros cuadrados \/ 355 pies cuadrados<\/li>\n<li>Una cama Queen (dos plazas y media) y una litera de plaza y media con dos camas.<\/li>\n<\/ul>\n<p><strong style=\"color: #95bf3d;\">CARACTER\u00cdSTICAS<\/strong><\/p>\n<div class=\"page\" title=\"Page 6\">\n<div class=\"layoutArea\">\n<div class=\"column\">\n<ul>\n<li>Ba\u00f1o privado \/ agua caliente<\/li>\n<li>Terraza<\/li>\n<li>Mallas antimosquitos<\/li>\n<li>Iluminaci\u00f3n el\u00e9ctrica y toma corrientes<\/li>\n<li>Escritorio y silla<\/li>\n<li>Mueble de ropa<\/li>\n<li>Ventilador de techo<\/li>\n<li>Mini refrigerador<\/li>\n<li>Art\u00edculos de aseo<\/li>\n<li>Toallas<\/li>\n<\/ul>\n<\/div>\n<\/div>\n<\/div>\n<\/div>\n<\/div>\n<\/div>\n<\/div>\n<\/div>\n<\/div>\n<\/div>\n<\/div>\n<\/div>\n<p>[\/vc_column_text][\/vc_column][\/vc_row][vc_row][vc_column width=\u00bb1\/2&#8243; css=\u00bb.vc_custom_1631173308461{margin-top: 25px !important;}\u00bb offset=\u00bbvc_hidden-lg\u00bb]<div id=\"ultimate-heading-982869fa4e86d1424\" class=\"uvc-heading ult-adjust-bottom-margin ultimate-heading-982869fa4e86d1424 uvc-2067 \" data-hspacer=\"no_spacer\"  data-halign=\"center\" style=\"text-align:center\"><div class=\"uvc-heading-spacer no_spacer\" style=\"top\"><\/div><div class=\"uvc-main-heading ult-responsive\"  data-ultimate-target='.uvc-heading.ultimate-heading-982869fa4e86d1424 h2'  data-responsive-json-new='{\"font-size\":\"desktop:42px;\",\"line-height\":\"\"}' ><h2 style=\"font-family:&#039;Dosis&#039;;font-weight:normal;color:#95bf3d;margin-bottom:25px;\">HABITACI\u00d3N FAMILIAR<\/h2><\/div><\/div>[vc_column_text]<\/p>\n<div class=\"page\" title=\"Page 3\">\n<div class=\"layoutArea\">\n<div class=\"column\">\n<div class=\"page\" title=\"Page 4\">\n<div class=\"layoutArea\">\n<div class=\"column\">\n<div class=\"page\" title=\"Page 4\">\n<div class=\"layoutArea\">\n<div class=\"column\">\n<div class=\"page\" title=\"Page 6\">\n<div class=\"layoutArea\">\n<div class=\"column\">\n<p><em><strong>De una a cuatro personas, ideal para familias<\/strong><\/em><\/div>\n<\/div>\n<\/div>\n<ul>\n<li>33 metros cuadrados \/ 355 pies cuadrados<\/li>\n<li>Una cama Queen (dos plazas y media) y una litera de plaza y media con dos camas.<\/li>\n<\/ul>\n<p><strong style=\"color: #95bf3d;\">CARACTER\u00cdSTICAS<\/strong><\/p>\n<div class=\"page\" title=\"Page 6\">\n<div class=\"layoutArea\">\n<div class=\"column\">\n<ul>\n<li>Ba\u00f1o privado \/ agua caliente<\/li>\n<li>Terraza<\/li>\n<li>Mallas antimosquitos<\/li>\n<li>Iluminaci\u00f3n el\u00e9ctrica y toma corrientes<\/li>\n<li>Escritorio y silla<\/li>\n<li>Mueble de ropa<\/li>\n<li>Ventilador de techo<\/li>\n<li>Mini refrigerador<\/li>\n<li>Art\u00edculos de aseo<\/li>\n<li>Toallas<\/li>\n<\/ul>\n<\/div>\n<\/div>\n<\/div>\n<\/div>\n<\/div>\n<\/div>\n<\/div>\n<\/div>\n<\/div>\n<\/div>\n<\/div>\n<\/div>\n<p>[\/vc_column_text][\/vc_column][vc_column width=\u00bb1\/2&#8243; offset=\u00bbvc_hidden-lg\u00bb][vc_gallery type=\u00bbflexslider_slide\u00bb interval=\u00bb5&#8243; images=\u00bb2796,2794,2792&#8243; img_size=\u00bbfull\u00bb][\/vc_column][\/vc_row][vc_row][vc_column width=\u00bb1\/2&#8243; css=\u00bb.vc_custom_1631172691387{margin-top: 25px !important;}\u00bb]<div id=\"ultimate-heading-948169fa4e86d1434\" class=\"uvc-heading ult-adjust-bottom-margin ultimate-heading-948169fa4e86d1434 uvc-153 \" data-hspacer=\"no_spacer\"  data-halign=\"center\" style=\"text-align:center\"><div class=\"uvc-heading-spacer no_spacer\" style=\"top\"><\/div><div class=\"uvc-main-heading ult-responsive\"  data-ultimate-target='.uvc-heading.ultimate-heading-948169fa4e86d1434 h2'  data-responsive-json-new='{\"font-size\":\"desktop:42px;\",\"line-height\":\"\"}' ><h2 style=\"font-family:&#039;Dosis&#039;;font-weight:normal;color:#95bf3d;margin-bottom:25px;\">HABITACI\u00d3N PARA GRUPOS<\/h2><\/div><\/div>[vc_column_text]<\/p>\n<div class=\"page\" title=\"Page 3\">\n<div class=\"layoutArea\">\n<div class=\"column\">\n<div class=\"page\" title=\"Page 4\">\n<div class=\"layoutArea\">\n<div class=\"column\">\n<div class=\"page\" title=\"Page 4\">\n<div class=\"layoutArea\">\n<div class=\"column\">\n<div class=\"page\" title=\"Page 5\">\n<div class=\"layoutArea\">\n<div class=\"column\">\n<div class=\"page\" title=\"Page 7\">\n<div class=\"layoutArea\">\n<div class=\"column\">\n<p><em><strong>Hasta cuatro personas, ideal para grupos de amigos<\/strong><\/em><\/div>\n<\/div>\n<\/div>\n<div class=\"page\" title=\"Page 7\">\n<div class=\"layoutArea\">\n<div class=\"column\">\n<ul>\n<li>33 metros cuadrados \/ 355 pies cuadrados<\/li>\n<li>Dos literas con camas de plaza y media\u00a0(cuatro camas)<\/li>\n<\/ul>\n<\/div>\n<\/div>\n<\/div>\n<p><strong style=\"color: #95bf3d;\"><br \/>\nCARACTER\u00cdSTICAS<\/strong><\/p>\n<ul>\n<li>Ba\u00f1o privado \/ agua caliente<\/li>\n<li>Terraza<\/li>\n<li>Mallas antimosquitos<\/li>\n<li>Iluminaci\u00f3n el\u00e9ctrica y toma corrientes<\/li>\n<li>Escritorio y silla<\/li>\n<li>Mueble de ropa<\/li>\n<li>Ventilador de techo<\/li>\n<li>Mini refrigerador<\/li>\n<li>Art\u00edculos de aseo<\/li>\n<li>Toallas<\/li>\n<\/ul>\n<\/div>\n<\/div>\n<\/div>\n<\/div>\n<\/div>\n<\/div>\n<\/div>\n<\/div>\n<\/div>\n<\/div>\n<\/div>\n<\/div>\n<p>[\/vc_column_text][\/vc_column][vc_column width=\u00bb1\/2&#8243; css=\u00bb.vc_custom_1631504022839{margin-top: 35px !important;}\u00bb][vc_gallery type=\u00bbflexslider_slide\u00bb interval=\u00bb0&#8243; images=\u00bb2841,2839,2792&#8243; img_size=\u00bbfull\u00bb][\/vc_column][\/vc_row]<\/p>\n<\/div>","protected":false},"excerpt":{"rendered":"<p>[vc_row full_width=\u00bbstretch_row\u00bb full_height=\u00bbyes\u00bb content_placement=\u00bbmiddle\u00bb bg_type=\u00bbimage\u00bb parallax_style=\u00bbvcpb-default\u00bb bg_image_new=\u00bbid^3642|url^https:\/\/amazongaialodge.com\/wp-content\/uploads\/2022\/05\/slide-4.webp|caption^null|alt^null|title^slide-4|description^null\u00bb bg_image_repeat=\u00bbno-repeat\u00bb css=\u00bb.vc_custom_1652894401664{margin-top: -90px !important;}\u00bb][vc_column offset=\u00bbvc_hidden-sm vc_hidden-xs\u00bb][vc_column_text css_animation=\u00bbnone\u00bb] Comfortable, acogedor, familiar LODGE [\/vc_column_text][vc_separator color=\u00bbgreen\u00bb border_width=\u00bb3&#8243; el_width=\u00bb20&#8243; css_animation=\u00bbnone\u00bb css=\u00bb.vc_custom_1652910699957{margin-top: -50px !important;}\u00bb][\/vc_column][vc_column offset=\u00bbvc_hidden-lg vc_hidden-md\u00bb][vc_column_text] Comfortable, acogedor, familiar LODGE [\/vc_column_text][vc_separator color=\u00bbgreen\u00bb el_width=\u00bb20&#8243; css=\u00bb.vc_custom_1652906719709{margin-top: -50px !important;}\u00bb][\/vc_column][\/vc_row][vc_row full_width=\u00bbstretch_row_content\u00bb bg_type=\u00bbimage\u00bb parallax_style=\u00bbvcpb-default\u00bb bg_image_new=\u00bbid^1462|url^https:\/\/amazongaialodge.com\/wp-content\/uploads\/2021\/08\/pattern1.jpg|caption^null|alt^null|title^pattern1|description^null\u00bb bg_image_size=\u00bbinitial\u00bb bg_img_attach=\u00bbfixed\u00bb css=\u00bb.vc_custom_1631169644651{margin-top: -35px !important;}\u00bb][vc_column width=\u00bb1\/3&#8243;][\/vc_column][vc_column width=\u00bb2\/5&#8243; css=\u00bb.vc_custom_1630729986575{margin-top: 25px !important;}\u00bb][vc_column_text] Nuestras habitaciones y [&hellip;]<\/p>\n","protected":false},"author":2,"featured_media":2101,"parent":0,"menu_order":0,"comment_status":"closed","ping_status":"closed","template":"","meta":{"footnotes":""},"_links":{"self":[{"href":"https:\/\/amazongaialodge.com\/es\/wp-json\/wp\/v2\/pages\/2063"}],"collection":[{"href":"https:\/\/amazongaialodge.com\/es\/wp-json\/wp\/v2\/pages"}],"about":[{"href":"https:\/\/amazongaialodge.com\/es\/wp-json\/wp\/v2\/types\/page"}],"author":[{"embeddable":true,"href":"https:\/\/amazongaialodge.com\/es\/wp-json\/wp\/v2\/users\/2"}],"replies":[{"embeddable":true,"href":"https:\/\/amazongaialodge.com\/es\/wp-json\/wp\/v2\/comments?post=2063"}],"version-history":[{"count":4,"href":"https:\/\/amazongaialodge.com\/es\/wp-json\/wp\/v2\/pages\/2063\/revisions"}],"predecessor-version":[{"id":3765,"href":"https:\/\/amazongaialodge.com\/es\/wp-json\/wp\/v2\/pages\/2063\/revisions\/3765"}],"wp:featuredmedia":[{"embeddable":true,"href":"https:\/\/amazongaialodge.com\/es\/wp-json\/wp\/v2\/media\/2101"}],"wp:attachment":[{"href":"https:\/\/amazongaialodge.com\/es\/wp-json\/wp\/v2\/media?parent=2063"}],"curies":[{"name":"wp","href":"https:\/\/api.w.org\/{rel}","templated":true}]}}