{"id":2073,"date":"2021-09-15T03:59:56","date_gmt":"2021-09-15T03:59:56","guid":{"rendered":"https:\/\/gaialodge.com\/?page_id=2073"},"modified":"2023-11-22T01:34:28","modified_gmt":"2023-11-22T01:34:28","slug":"infraestructura","status":"publish","type":"page","link":"https:\/\/amazongaialodge.com\/es\/infraestructura\/","title":{"rendered":"Infraestructura"},"content":{"rendered":"<div class=\"wpb-content-wrapper\"><p>[vc_row full_width=\u00bbstretch_row\u00bb full_height=\u00bbyes\u00bb content_placement=\u00bbmiddle\u00bb bg_type=\u00bbimage\u00bb parallax_style=\u00bbvcpb-default\u00bb bg_image_new=\u00bbid^3642|url^https:\/\/amazongaialodge.com\/wp-content\/uploads\/2022\/05\/slide-4.webp|caption^null|alt^null|title^slide-4|description^null\u00bb bg_image_repeat=\u00bbno-repeat\u00bb css=\u00bb.vc_custom_1652894504517{margin-top: -90px !important;}\u00bb][vc_column offset=\u00bbvc_hidden-sm vc_hidden-xs\u00bb][vc_column_text]<\/p>\n<h1 style=\"text-align: center; font-weight: 500; font-size: 72px; text-shadow: #000000 2px 2px 4px;\"><span style=\"color: #ffffff;\">Comfortable, acogedor, familiar<\/span><\/h1>\n<h2 style=\"text-shadow: #000000 2px 2px 4px; text-align: center; letter-spacing: 6px; font-weight: 500; font-size: 30px;\"><span style=\"color: #ffffff;\">LODGE<\/span><\/h2>\n<p>[\/vc_column_text][vc_separator color=\u00bbgreen\u00bb border_width=\u00bb3&#8243; el_width=\u00bb20&#8243; css=\u00bb.vc_custom_1652910734123{margin-top: -50px !important;}\u00bb][\/vc_column][vc_column offset=\u00bbvc_hidden-lg vc_hidden-md\u00bb][vc_column_text]<\/p>\n<h1 style=\"text-align: center; line-height: 31px; font-weight: 500; font-size: 34px; text-shadow: #000000 2px 2px 4px;\"><span style=\"color: #ffffff;\">Comfortable, acogedor, familiar<\/span><\/h1>\n<h2 style=\"text-shadow: #000000 2px 2px 4px; text-align: center; font-weight: 500; font-size: 16px; margin-top: -40px;\"><span style=\"color: #ffffff;\">LODGE<\/span><\/h2>\n<p>[\/vc_column_text][vc_separator color=\u00bbgreen\u00bb el_width=\u00bb20&#8243; css=\u00bb.vc_custom_1652906808866{margin-top: -50px !important;}\u00bb][\/vc_column][\/vc_row][vc_row full_height=\u00bbyes\u00bb columns_placement=\u00bbtop\u00bb equal_height=\u00bbyes\u00bb bg_type=\u00bbbg_color\u00bb bg_override=\u00bbfull\u00bb css=\u00bb.vc_custom_1629906934895{margin-top: 0px !important;margin-bottom: 0px !important;padding-top: 0px !important;padding-bottom: 10% !important;}\u00bb bg_color_value=\u00bb#ffffff\u00bb][vc_column width=\u00bb1\/2&#8243;]<div id=\"ultimate-heading-137469fa67847efc3\" class=\"uvc-heading ult-adjust-bottom-margin ultimate-heading-137469fa67847efc3 uvc-4582 \" data-hspacer=\"no_spacer\"  data-halign=\"center\" style=\"text-align:center\"><div class=\"uvc-heading-spacer no_spacer\" style=\"top\"><\/div><div class=\"uvc-main-heading ult-responsive\"  data-ultimate-target='.uvc-heading.ultimate-heading-137469fa67847efc3 h2'  data-responsive-json-new='{\"font-size\":\"desktop:42px;\",\"line-height\":\"desktop:42px;\"}' ><h2 style=\"font-family:&#039;Dosis&#039;;font-weight:normal;color:#95bf3d;margin-top:15px;margin-bottom:22px;\">INFRAESTRUCTURA<\/h2><\/div><\/div>[vc_column_text el_class=\u00bbtextoblanco\u00bb]<\/p>\n<div class=\"page\" title=\"Page 8\">\n<div class=\"layoutArea\">\n<div class=\"column\">\n<p>El albergue combina aspectos r\u00fasticos y modernos con bajo impacto ambiental, mientras que la simplicidad de los detalles y la creatividad se extienden a lo largo de sus espacios. El complejo est\u00e1 compuesto por una construcci\u00f3n principal donde hay \u00e1reas sociales y cuatro habitaciones, adem\u00e1s hay tres caba\u00f1as con dos habitaciones independientes cada una. La oferta de alojamiento tiene capacidad para unos 20 turistas; incluye ocupaci\u00f3n sencilla, doble, triple hasta cu\u00e1druple. Todos sus espacios son aut\u00e9nticos y te dejan sentirte en medio del bosque a trav\u00e9s del cual puedes encontrar incre\u00edbles vistas del r\u00edo Napo. En las \u00e1reas sociales se encuentran el comedor, salas con \u00e1reas de descanso con hamacas y un bar donde se puede pedir botanas, cocteles, bebidas alcoh\u00f3licas y no alcoh\u00f3licas.<\/p>\n<\/div>\n<\/div>\n<\/div>\n<p>[\/vc_column_text][vc_row_inner equal_height=\u00bbyes\u00bb][vc_column_inner][\/vc_column_inner][\/vc_row_inner][\/vc_column][vc_column width=\u00bb1\/2&#8243;][vc_gallery type=\u00bbflexslider_slide\u00bb interval=\u00bb0&#8243; images=\u00bb4041,3998,4028,3902,4000,2818,2814,2723,3980,3986,3988,4002,4008,4010&#8243; img_size=\u00bbfull\u00bb][\/vc_column][\/vc_row]<\/p>\n<\/div>","protected":false},"excerpt":{"rendered":"<p>[vc_row full_width=\u00bbstretch_row\u00bb full_height=\u00bbyes\u00bb content_placement=\u00bbmiddle\u00bb bg_type=\u00bbimage\u00bb parallax_style=\u00bbvcpb-default\u00bb bg_image_new=\u00bbid^3642|url^https:\/\/amazongaialodge.com\/wp-content\/uploads\/2022\/05\/slide-4.webp|caption^null|alt^null|title^slide-4|description^null\u00bb bg_image_repeat=\u00bbno-repeat\u00bb css=\u00bb.vc_custom_1652894504517{margin-top: -90px !important;}\u00bb][vc_column offset=\u00bbvc_hidden-sm vc_hidden-xs\u00bb][vc_column_text] Comfortable, acogedor, familiar LODGE [\/vc_column_text][vc_separator color=\u00bbgreen\u00bb border_width=\u00bb3&#8243; el_width=\u00bb20&#8243; css=\u00bb.vc_custom_1652910734123{margin-top: -50px !important;}\u00bb][\/vc_column][vc_column offset=\u00bbvc_hidden-lg vc_hidden-md\u00bb][vc_column_text] Comfortable, acogedor, familiar LODGE [\/vc_column_text][vc_separator color=\u00bbgreen\u00bb el_width=\u00bb20&#8243; css=\u00bb.vc_custom_1652906808866{margin-top: -50px !important;}\u00bb][\/vc_column][\/vc_row][vc_row full_height=\u00bbyes\u00bb columns_placement=\u00bbtop\u00bb equal_height=\u00bbyes\u00bb bg_type=\u00bbbg_color\u00bb bg_override=\u00bbfull\u00bb css=\u00bb.vc_custom_1629906934895{margin-top: 0px !important;margin-bottom: 0px !important;padding-top: 0px !important;padding-bottom: 10% !important;}\u00bb bg_color_value=\u00bb#ffffff\u00bb][vc_column width=\u00bb1\/2&#8243;][vc_column_text el_class=\u00bbtextoblanco\u00bb] El albergue [&hellip;]<\/p>\n","protected":false},"author":2,"featured_media":2404,"parent":0,"menu_order":0,"comment_status":"closed","ping_status":"closed","template":"","meta":{"footnotes":""},"_links":{"self":[{"href":"https:\/\/amazongaialodge.com\/es\/wp-json\/wp\/v2\/pages\/2073"}],"collection":[{"href":"https:\/\/amazongaialodge.com\/es\/wp-json\/wp\/v2\/pages"}],"about":[{"href":"https:\/\/amazongaialodge.com\/es\/wp-json\/wp\/v2\/types\/page"}],"author":[{"embeddable":true,"href":"https:\/\/amazongaialodge.com\/es\/wp-json\/wp\/v2\/users\/2"}],"replies":[{"embeddable":true,"href":"https:\/\/amazongaialodge.com\/es\/wp-json\/wp\/v2\/comments?post=2073"}],"version-history":[{"count":13,"href":"https:\/\/amazongaialodge.com\/es\/wp-json\/wp\/v2\/pages\/2073\/revisions"}],"predecessor-version":[{"id":4044,"href":"https:\/\/amazongaialodge.com\/es\/wp-json\/wp\/v2\/pages\/2073\/revisions\/4044"}],"wp:featuredmedia":[{"embeddable":true,"href":"https:\/\/amazongaialodge.com\/es\/wp-json\/wp\/v2\/media\/2404"}],"wp:attachment":[{"href":"https:\/\/amazongaialodge.com\/es\/wp-json\/wp\/v2\/media?parent=2073"}],"curies":[{"name":"wp","href":"https:\/\/api.w.org\/{rel}","templated":true}]}}