{"id":2077,"date":"2021-09-15T04:06:02","date_gmt":"2021-09-15T04:06:02","guid":{"rendered":"https:\/\/gaialodge.com\/?page_id=2077"},"modified":"2022-05-18T21:52:54","modified_gmt":"2022-05-18T21:52:54","slug":"ubicacion","status":"publish","type":"page","link":"https:\/\/amazongaialodge.com\/es\/ubicacion\/","title":{"rendered":"Ubicaci\u00f3n"},"content":{"rendered":"<div class=\"wpb-content-wrapper\"><p>[vc_row full_width=\u00bbstretch_row\u00bb full_height=\u00bbyes\u00bb content_placement=\u00bbmiddle\u00bb bg_type=\u00bbimage\u00bb parallax_style=\u00bbvcpb-default\u00bb bg_image_new=\u00bbid^3642|url^https:\/\/amazongaialodge.com\/wp-content\/uploads\/2022\/05\/slide-4.webp|caption^null|alt^null|title^slide-4|description^null\u00bb bg_image_repeat=\u00bbno-repeat\u00bb css=\u00bb.vc_custom_1652894593357{margin-top: -90px !important;margin-bottom: 0px !important;}\u00bb][vc_column offset=\u00bbvc_hidden-sm vc_hidden-xs\u00bb][vc_column_text css_animation=\u00bbnone\u00bb]<\/p>\n<h1 style=\"text-align: center; font-weight: 500; font-size: 72px; text-shadow: #000000 2px 2px 4px;\"><span style=\"color: #ffffff;\">Comfortable, acogedor, familiar<\/span><\/h1>\n<h2 style=\"text-shadow: #000000 2px 2px 4px;text-align: center; letter-spacing: 6px; font-weight: 500; font-size: 30px;\"><span style=\"color: #ffffff;\">LODGE<\/span><\/h2>\n<p>[\/vc_column_text][vc_separator color=\u00bbgreen\u00bb border_width=\u00bb3&#8243; el_width=\u00bb20&#8243; css_animation=\u00bbnone\u00bb css=\u00bb.vc_custom_1652910768255{margin-top: -50px !important;}\u00bb][\/vc_column][vc_column offset=\u00bbvc_hidden-lg vc_hidden-md\u00bb][vc_column_text]<\/p>\n<h1 style=\"text-align: center; line-height: 31px; font-weight: 500; font-size: 34px; text-shadow: #000000 2px 2px 4px;\"><span style=\"color: #ffffff;\">Comfortable, acogedor, familiar<\/span><\/h1>\n<h2 style=\"text-shadow: #000000 2px 2px 4px; text-align: center; font-weight: 500; font-size: 16px; margin-top: -40px;\"><span style=\"color: #ffffff;\">LODGE<\/span><\/h2>\n<p>[\/vc_column_text][vc_separator color=\u00bbgreen\u00bb el_width=\u00bb20&#8243; css=\u00bb.vc_custom_1652906886643{margin-top: -50px !important;}\u00bb][\/vc_column][\/vc_row][vc_row full_height=\u00bbyes\u00bb columns_placement=\u00bbtop\u00bb equal_height=\u00bbyes\u00bb bg_type=\u00bbbg_color\u00bb bg_override=\u00bbfull\u00bb css=\u00bb.vc_custom_1629906934895{margin-top: 0px !important;margin-bottom: 0px !important;padding-top: 0px !important;padding-bottom: 10% !important;}\u00bb bg_color_value=\u00bb#ffffff\u00bb][vc_column width=\u00bb1\/2&#8243;]<div id=\"ultimate-heading-987369fa4e97a0f9f\" class=\"uvc-heading ult-adjust-bottom-margin ultimate-heading-987369fa4e97a0f9f uvc-652 \" data-hspacer=\"no_spacer\"  data-halign=\"center\" style=\"text-align:center\"><div class=\"uvc-heading-spacer no_spacer\" style=\"top\"><\/div><div class=\"uvc-main-heading ult-responsive\"  data-ultimate-target='.uvc-heading.ultimate-heading-987369fa4e97a0f9f h2'  data-responsive-json-new='{\"font-size\":\"desktop:42px;\",\"line-height\":\"desktop:42px;\"}' ><h2 style=\"font-family:&#039;Dosis&#039;;font-weight:normal;color:#95bf3d;margin-top:15px;margin-bottom:22px;\">UBICACI\u00d3N<\/h2><\/div><\/div>[vc_column_text el_class=\u00bbtextoblanco\u00bb]<\/p>\n<div class=\"page\" title=\"Page 9\">\n<div class=\"layoutArea\">\n<div class=\"column\">\n<p>Gaia Lodge est\u00e1 ubicado en la Amazon\u00eda ecuatoriana (la selva amaz\u00f3nica), una de las zonas ecol\u00f3gicas con mayor biodiversidad del mundo y con una enorme riqueza cultural. La ubicaci\u00f3n de nuestro albergue se eligi\u00f3 cuidadosamente para garantizar que nuestros hu\u00e9spedes se sientan inmersos en el entorno natural de la selva tropical. Nuestras instalaciones, cuidando la integridad del entorno natural, han sido dise\u00f1adas para ofrecer comodidad y un ambiente de relajaci\u00f3n. El albergue tiene vista al majestuoso r\u00edo Napo y est\u00e1 rodeado por un bosque de \u00e1rboles de cacao. El paisaje privilegiado de la selva, el r\u00edo y la monta\u00f1a ofrece a nuestros visitantes una amplia oportunidad para disfrutar de los matices de la selva desde el amanecer hasta el anochecer.<\/p>\n<p>Gaia se ubica a 4 kil\u00f3metros al este de la localidad de Ahuano, entre el r\u00edo Napo y la carretera que va a Campanacocha. Por carretera Ahuano se encuentra a 45 minutos de Tena, capital de la provincia de Napo, a 4 horas de Quito, la capital de Ecuador &#8211; Sudam\u00e9rica.<\/p><\/div>\n<\/div>\n<\/div>\n<p>[\/vc_column_text][vc_single_image image=\u00bb867&#8243; img_size=\u00bbfull\u00bb onclick=\u00bblink_image\u00bb css=\u00bb.vc_custom_1631516298678{margin-top: 20px !important;}\u00bb][\/vc_column][vc_column width=\u00bb1\/2&#8243;][vc_gmaps link=\u00bb#E-8_JTNDaWZyYW1lJTIwc3JjJTNEJTIyaHR0cHMlM0ElMkYlMkZ3d3cuZ29vZ2xlLmNvbSUyRm1hcHMlMkZlbWJlZCUzRnBiJTNEJTIxMW0xOCUyMTFtMTIlMjExbTMlMjExZDQ2OTk0LjYyMjg1MTI4MjA0JTIxMmQtNzcuNDkyNjI0ODI2MzU1OSUyMTNkLTEuMDI4Mzc2NjIwODE4ODcwNSUyMTJtMyUyMTFmMCUyMTJmMCUyMTNmMCUyMTNtMiUyMTFpMTAyNCUyMTJpNzY4JTIxNGYxMy4xJTIxM20zJTIxMW0yJTIxMXMweDkxZDZjNzJhN2U5MmYyMDElMjUzQTB4NzgzZTdmNTM3NjlkZTBiNyUyMTJzR0FJQSUyNTIwQW1hem9uJTI1MjBFY29Mb2RnZSUyMTVlMCUyMTNtMiUyMTFzZW4lMjEyc2VjJTIxNHYxNjI2ODE5NjAyNDM2JTIxNW0yJTIxMXNlbiUyMTJzZWMlMjIlMjB3aWR0aCUzRCUyMjYwMCUyMiUyMGhlaWdodCUzRCUyMjQ1MCUyMiUyMHN0eWxlJTNEJTIyYm9yZGVyJTNBMCUzQiUyMiUyMGFsbG93ZnVsbHNjcmVlbiUzRCUyMiUyMiUyMGxvYWRpbmclM0QlMjJsYXp5JTIyJTNFJTNDJTJGaWZyYW1lJTNF\u00bb][vc_gallery interval=\u00bb0&#8243; images=\u00bb2834,2836,2824,2826,2828,2830,2832&#8243; img_size=\u00bbfull\u00bb][\/vc_column][\/vc_row]<\/p>\n<\/div>","protected":false},"excerpt":{"rendered":"<p>[vc_row full_width=\u00bbstretch_row\u00bb full_height=\u00bbyes\u00bb content_placement=\u00bbmiddle\u00bb bg_type=\u00bbimage\u00bb parallax_style=\u00bbvcpb-default\u00bb bg_image_new=\u00bbid^3642|url^https:\/\/amazongaialodge.com\/wp-content\/uploads\/2022\/05\/slide-4.webp|caption^null|alt^null|title^slide-4|description^null\u00bb bg_image_repeat=\u00bbno-repeat\u00bb css=\u00bb.vc_custom_1652894593357{margin-top: -90px !important;margin-bottom: 0px !important;}\u00bb][vc_column offset=\u00bbvc_hidden-sm vc_hidden-xs\u00bb][vc_column_text css_animation=\u00bbnone\u00bb] Comfortable, acogedor, familiar LODGE [\/vc_column_text][vc_separator color=\u00bbgreen\u00bb border_width=\u00bb3&#8243; el_width=\u00bb20&#8243; css_animation=\u00bbnone\u00bb css=\u00bb.vc_custom_1652910768255{margin-top: -50px !important;}\u00bb][\/vc_column][vc_column offset=\u00bbvc_hidden-lg vc_hidden-md\u00bb][vc_column_text] Comfortable, acogedor, familiar LODGE [\/vc_column_text][vc_separator color=\u00bbgreen\u00bb el_width=\u00bb20&#8243; css=\u00bb.vc_custom_1652906886643{margin-top: -50px !important;}\u00bb][\/vc_column][\/vc_row][vc_row full_height=\u00bbyes\u00bb columns_placement=\u00bbtop\u00bb equal_height=\u00bbyes\u00bb bg_type=\u00bbbg_color\u00bb bg_override=\u00bbfull\u00bb css=\u00bb.vc_custom_1629906934895{margin-top: 0px !important;margin-bottom: 0px !important;padding-top: 0px !important;padding-bottom: 10% !important;}\u00bb bg_color_value=\u00bb#ffffff\u00bb][vc_column [&hellip;]<\/p>\n","protected":false},"author":2,"featured_media":1340,"parent":0,"menu_order":0,"comment_status":"closed","ping_status":"closed","template":"","meta":{"footnotes":""},"_links":{"self":[{"href":"https:\/\/amazongaialodge.com\/es\/wp-json\/wp\/v2\/pages\/2077"}],"collection":[{"href":"https:\/\/amazongaialodge.com\/es\/wp-json\/wp\/v2\/pages"}],"about":[{"href":"https:\/\/amazongaialodge.com\/es\/wp-json\/wp\/v2\/types\/page"}],"author":[{"embeddable":true,"href":"https:\/\/amazongaialodge.com\/es\/wp-json\/wp\/v2\/users\/2"}],"replies":[{"embeddable":true,"href":"https:\/\/amazongaialodge.com\/es\/wp-json\/wp\/v2\/comments?post=2077"}],"version-history":[{"count":4,"href":"https:\/\/amazongaialodge.com\/es\/wp-json\/wp\/v2\/pages\/2077\/revisions"}],"predecessor-version":[{"id":3767,"href":"https:\/\/amazongaialodge.com\/es\/wp-json\/wp\/v2\/pages\/2077\/revisions\/3767"}],"wp:featuredmedia":[{"embeddable":true,"href":"https:\/\/amazongaialodge.com\/es\/wp-json\/wp\/v2\/media\/1340"}],"wp:attachment":[{"href":"https:\/\/amazongaialodge.com\/es\/wp-json\/wp\/v2\/media?parent=2077"}],"curies":[{"name":"wp","href":"https:\/\/api.w.org\/{rel}","templated":true}]}}